{"id":28657,"date":"2025-02-03T17:38:49","date_gmt":"2025-02-03T16:38:49","guid":{"rendered":"https:\/\/protectionmobile.com.ar\/?post_type=product&#038;p=28657"},"modified":"2025-02-04T16:02:53","modified_gmt":"2025-02-04T15:02:53","slug":"pm-tune-760","status":"publish","type":"product","link":"https:\/\/protectionmobile.com.ar\/?product=pm-tune-760","title":{"rendered":"PM-TUNE 760"},"content":{"rendered":"<p>Los PM-Tune 760, integrales, superc\u00f3modos y potentes, cumplen la promesa. La cancelaci\u00f3n de ruido activa bloquea las distracciones innecesarias para que te centres en lo que importa, hasta 35 horas. \u00bfNo es suficiente? Consigue 2 horas adicionales de bater\u00eda con solo 5 minutos de carga. Ligeros y plegables para adaptarse a cualquier aventura, pueden conectarse con dos dispositivos Bluetooth\u00ae simult\u00e1neamente, para que nunca pierdas una llamada en tu tel\u00e9fono mientras ves un v\u00eddeo en tu tablet. Pareados al instante con tu dispositivo Android con un solo toque, ofrecen gesti\u00f3n de llamadas manos libres y asistente de voz de tu dispositivo. \u00a1Elige el color que mejor se adapte a tu estado de \u00e1nimo y divi\u00e9rtete!<\/p>\n","protected":false},"excerpt":{"rendered":"<p>Los PM-Tune 760, integrales, superc\u00f3modos y potentes, cumplen la promesa. La cancelaci\u00f3n de ruido activa bloquea las distracciones innecesarias para<\/p>\n","protected":false},"featured_media":28665,"template":"","meta":{"_joinchat":[]},"product_brand":[],"product_cat":[85,86],"product_tag":[],"class_list":{"0":"post-28657","1":"product","2":"type-product","3":"status-publish","4":"has-post-thumbnail","6":"product_cat-auriculares","7":"product_cat-headphones","9":"first","10":"instock","11":"shipping-taxable","12":"product-type-simple"},"_links":{"self":[{"href":"https:\/\/protectionmobile.com.ar\/index.php?rest_route=\/wp\/v2\/product\/28657","targetHints":{"allow":["GET"]}}],"collection":[{"href":"https:\/\/protectionmobile.com.ar\/index.php?rest_route=\/wp\/v2\/product"}],"about":[{"href":"https:\/\/protectionmobile.com.ar\/index.php?rest_route=\/wp\/v2\/types\/product"}],"version-history":[{"count":1,"href":"https:\/\/protectionmobile.com.ar\/index.php?rest_route=\/wp\/v2\/product\/28657\/revisions"}],"predecessor-version":[{"id":28662,"href":"https:\/\/protectionmobile.com.ar\/index.php?rest_route=\/wp\/v2\/product\/28657\/revisions\/28662"}],"wp:featuredmedia":[{"embeddable":true,"href":"https:\/\/protectionmobile.com.ar\/index.php?rest_route=\/wp\/v2\/media\/28665"}],"wp:attachment":[{"href":"https:\/\/protectionmobile.com.ar\/index.php?rest_route=%2Fwp%2Fv2%2Fmedia&parent=28657"}],"wp:term":[{"taxonomy":"product_brand","embeddable":true,"href":"https:\/\/protectionmobile.com.ar\/index.php?rest_route=%2Fwp%2Fv2%2Fproduct_brand&post=28657"},{"taxonomy":"product_cat","embeddable":true,"href":"https:\/\/protectionmobile.com.ar\/index.php?rest_route=%2Fwp%2Fv2%2Fproduct_cat&post=28657"},{"taxonomy":"product_tag","embeddable":true,"href":"https:\/\/protectionmobile.com.ar\/index.php?rest_route=%2Fwp%2Fv2%2Fproduct_tag&post=28657"}],"curies":[{"name":"wp","href":"https:\/\/api.w.org\/{rel}","templated":true}]}}