{"id":27867,"date":"2024-10-15T08:27:06","date_gmt":"2024-10-15T06:27:06","guid":{"rendered":"https:\/\/protectionmobile.com.ar\/?product=f9"},"modified":"2024-10-20T01:25:25","modified_gmt":"2024-10-19T23:25:25","slug":"f9","status":"publish","type":"product","link":"https:\/\/protectionmobile.com.ar\/?product=f9","title":{"rendered":"F9"},"content":{"rendered":"<p>\u00abAuriculares inal\u00e1mbricos se conectan entre s\u00ed sin cables.<br \/>\nPort\u00e1til y liviano con estuche de carga port\u00e1til.<br \/>\nDise\u00f1o deportivo: se adapta perfectamente a la forma de su oreja y proporciona la m\u00e1xima estabilidad.<br \/>\nMicr\u00f3fono incorporado para llamadas con manos libres.<br \/>\nEl estuche de almacenamiento recargable carga tus auriculares incluso cuando est\u00e1s en movimiento.<br \/>\nCon banco de energ\u00eda.<br \/>\nCon pantalla digital\u00bb<\/p>\n","protected":false},"excerpt":{"rendered":"<p>\u00abAuriculares inal\u00e1mbricos se conectan entre s\u00ed sin cables. Port\u00e1til y liviano con estuche de carga port\u00e1til. Dise\u00f1o deportivo: se adapta<\/p>\n","protected":false},"featured_media":27925,"template":"","meta":{"_joinchat":[]},"product_brand":[],"product_cat":[85,88],"product_tag":[],"class_list":{"0":"post-27867","1":"product","2":"type-product","3":"status-publish","4":"has-post-thumbnail","6":"product_cat-auriculares","7":"product_cat-wireless-earphones","9":"first","10":"instock","11":"virtual","12":"product-type-simple"},"_links":{"self":[{"href":"https:\/\/protectionmobile.com.ar\/index.php?rest_route=\/wp\/v2\/product\/27867","targetHints":{"allow":["GET"]}}],"collection":[{"href":"https:\/\/protectionmobile.com.ar\/index.php?rest_route=\/wp\/v2\/product"}],"about":[{"href":"https:\/\/protectionmobile.com.ar\/index.php?rest_route=\/wp\/v2\/types\/product"}],"version-history":[{"count":3,"href":"https:\/\/protectionmobile.com.ar\/index.php?rest_route=\/wp\/v2\/product\/27867\/revisions"}],"predecessor-version":[{"id":28485,"href":"https:\/\/protectionmobile.com.ar\/index.php?rest_route=\/wp\/v2\/product\/27867\/revisions\/28485"}],"wp:featuredmedia":[{"embeddable":true,"href":"https:\/\/protectionmobile.com.ar\/index.php?rest_route=\/wp\/v2\/media\/27925"}],"wp:attachment":[{"href":"https:\/\/protectionmobile.com.ar\/index.php?rest_route=%2Fwp%2Fv2%2Fmedia&parent=27867"}],"wp:term":[{"taxonomy":"product_brand","embeddable":true,"href":"https:\/\/protectionmobile.com.ar\/index.php?rest_route=%2Fwp%2Fv2%2Fproduct_brand&post=27867"},{"taxonomy":"product_cat","embeddable":true,"href":"https:\/\/protectionmobile.com.ar\/index.php?rest_route=%2Fwp%2Fv2%2Fproduct_cat&post=27867"},{"taxonomy":"product_tag","embeddable":true,"href":"https:\/\/protectionmobile.com.ar\/index.php?rest_route=%2Fwp%2Fv2%2Fproduct_tag&post=27867"}],"curies":[{"name":"wp","href":"https:\/\/api.w.org\/{rel}","templated":true}]}}