{"id":27866,"date":"2024-10-15T08:27:06","date_gmt":"2024-10-15T06:27:06","guid":{"rendered":"https:\/\/protectionmobile.com.ar\/?product=pro-60"},"modified":"2024-10-20T01:25:56","modified_gmt":"2024-10-19T23:25:56","slug":"pro-60","status":"publish","type":"product","link":"https:\/\/protectionmobile.com.ar\/?product=pro-60","title":{"rendered":"PRO-60"},"content":{"rendered":"<p>\u00abAuricular Bluetooth TWS Pro 60\u00bb<\/p>\n<p>* Modelo: PRO60<br \/>\n* Alcance inal\u00e1mbrico: 10m<br \/>\n* Bater\u00eda en uso: 1,5 h<br \/>\n* Bater\u00eda en power bank: 4h<br \/>\n* Entrada: 5V 100mA<br \/>\n* Tipo de bater\u00eda: Pol\u00edmero de litio<br \/>\n* Conectividad inal\u00e1mbrica: Inal\u00e1mbrico V5.3<br \/>\n* Incluye cable de carga<\/p>\n<p>Estuche de carga<\/p>\n<p>* Entrada: 5V 500mA<br \/>\n* Salida: 5V 150mA<br \/>\n* Tipo de bater\u00eda: Pol\u00edmero de litio<br \/>\n* Tiempo de carga: 2h<\/p>\n","protected":false},"excerpt":{"rendered":"<p>\u00abAuricular Bluetooth TWS Pro 60\u00bb * Modelo: PRO60 * Alcance inal\u00e1mbrico: 10m * Bater\u00eda en uso: 1,5 h * Bater\u00eda<\/p>\n","protected":false},"featured_media":27923,"template":"","meta":{"_joinchat":[]},"product_brand":[],"product_cat":[85,88],"product_tag":[],"class_list":{"0":"post-27866","1":"product","2":"type-product","3":"status-publish","4":"has-post-thumbnail","6":"product_cat-auriculares","7":"product_cat-wireless-earphones","9":"first","10":"instock","11":"virtual","12":"product-type-simple"},"_links":{"self":[{"href":"https:\/\/protectionmobile.com.ar\/index.php?rest_route=\/wp\/v2\/product\/27866","targetHints":{"allow":["GET"]}}],"collection":[{"href":"https:\/\/protectionmobile.com.ar\/index.php?rest_route=\/wp\/v2\/product"}],"about":[{"href":"https:\/\/protectionmobile.com.ar\/index.php?rest_route=\/wp\/v2\/types\/product"}],"version-history":[{"count":2,"href":"https:\/\/protectionmobile.com.ar\/index.php?rest_route=\/wp\/v2\/product\/27866\/revisions"}],"predecessor-version":[{"id":28486,"href":"https:\/\/protectionmobile.com.ar\/index.php?rest_route=\/wp\/v2\/product\/27866\/revisions\/28486"}],"wp:featuredmedia":[{"embeddable":true,"href":"https:\/\/protectionmobile.com.ar\/index.php?rest_route=\/wp\/v2\/media\/27923"}],"wp:attachment":[{"href":"https:\/\/protectionmobile.com.ar\/index.php?rest_route=%2Fwp%2Fv2%2Fmedia&parent=27866"}],"wp:term":[{"taxonomy":"product_brand","embeddable":true,"href":"https:\/\/protectionmobile.com.ar\/index.php?rest_route=%2Fwp%2Fv2%2Fproduct_brand&post=27866"},{"taxonomy":"product_cat","embeddable":true,"href":"https:\/\/protectionmobile.com.ar\/index.php?rest_route=%2Fwp%2Fv2%2Fproduct_cat&post=27866"},{"taxonomy":"product_tag","embeddable":true,"href":"https:\/\/protectionmobile.com.ar\/index.php?rest_route=%2Fwp%2Fv2%2Fproduct_tag&post=27866"}],"curies":[{"name":"wp","href":"https:\/\/api.w.org\/{rel}","templated":true}]}}