{"id":27865,"date":"2024-10-15T08:27:06","date_gmt":"2024-10-15T06:27:06","guid":{"rendered":"https:\/\/protectionmobile.com.ar\/?product=pm-j10"},"modified":"2024-10-20T01:26:18","modified_gmt":"2024-10-19T23:26:18","slug":"pm-j10","status":"publish","type":"product","link":"https:\/\/protectionmobile.com.ar\/?product=pm-j10","title":{"rendered":"PM-J10"},"content":{"rendered":"<p>\u00abEstos auriculares son super delicados y sofisticados. Ofrecen un sonido claro y potente, y gracias al control t\u00e1ctil, gestionar tu m\u00fasica y contestar llamadas es super facil. Son resistentes al agua y cuentan con cancelaci\u00f3n de ruido\u00bb<\/p>\n","protected":false},"excerpt":{"rendered":"<p>\u00abEstos auriculares son super delicados y sofisticados. Ofrecen un sonido claro y potente, y gracias al control t\u00e1ctil, gestionar tu<\/p>\n","protected":false},"featured_media":27921,"template":"","meta":{"_joinchat":[]},"product_brand":[],"product_cat":[85,88],"product_tag":[],"class_list":{"0":"post-27865","1":"product","2":"type-product","3":"status-publish","4":"has-post-thumbnail","6":"product_cat-auriculares","7":"product_cat-wireless-earphones","9":"first","10":"instock","11":"virtual","12":"product-type-simple"},"_links":{"self":[{"href":"https:\/\/protectionmobile.com.ar\/index.php?rest_route=\/wp\/v2\/product\/27865","targetHints":{"allow":["GET"]}}],"collection":[{"href":"https:\/\/protectionmobile.com.ar\/index.php?rest_route=\/wp\/v2\/product"}],"about":[{"href":"https:\/\/protectionmobile.com.ar\/index.php?rest_route=\/wp\/v2\/types\/product"}],"version-history":[{"count":2,"href":"https:\/\/protectionmobile.com.ar\/index.php?rest_route=\/wp\/v2\/product\/27865\/revisions"}],"predecessor-version":[{"id":28487,"href":"https:\/\/protectionmobile.com.ar\/index.php?rest_route=\/wp\/v2\/product\/27865\/revisions\/28487"}],"wp:featuredmedia":[{"embeddable":true,"href":"https:\/\/protectionmobile.com.ar\/index.php?rest_route=\/wp\/v2\/media\/27921"}],"wp:attachment":[{"href":"https:\/\/protectionmobile.com.ar\/index.php?rest_route=%2Fwp%2Fv2%2Fmedia&parent=27865"}],"wp:term":[{"taxonomy":"product_brand","embeddable":true,"href":"https:\/\/protectionmobile.com.ar\/index.php?rest_route=%2Fwp%2Fv2%2Fproduct_brand&post=27865"},{"taxonomy":"product_cat","embeddable":true,"href":"https:\/\/protectionmobile.com.ar\/index.php?rest_route=%2Fwp%2Fv2%2Fproduct_cat&post=27865"},{"taxonomy":"product_tag","embeddable":true,"href":"https:\/\/protectionmobile.com.ar\/index.php?rest_route=%2Fwp%2Fv2%2Fproduct_tag&post=27865"}],"curies":[{"name":"wp","href":"https:\/\/api.w.org\/{rel}","templated":true}]}}