{"id":27864,"date":"2024-10-15T08:27:06","date_gmt":"2024-10-15T06:27:06","guid":{"rendered":"https:\/\/protectionmobile.com.ar\/?product=music-sound-pm-cs10"},"modified":"2024-10-20T01:26:33","modified_gmt":"2024-10-19T23:26:33","slug":"music-sound-pm-cs10","status":"publish","type":"product","link":"https:\/\/protectionmobile.com.ar\/?product=music-sound-pm-cs10","title":{"rendered":"MUSIC SOUND PM-CS10"},"content":{"rendered":"<p>Dise\u00f1o c\u00f3modo en oreja para un ajuste perfecto. Cable con micr\u00f3fono para facilitar tus llamadas. Largo de cable: 1.2 mts y conector de 3.5 mm. Incluye 2 pares adicionales de puntas blandas para mayor comodidad.<\/p>\n","protected":false},"excerpt":{"rendered":"<p>Dise\u00f1o c\u00f3modo en oreja para un ajuste perfecto. Cable con micr\u00f3fono para facilitar tus llamadas. Largo de cable: 1.2 mts<\/p>\n","protected":false},"featured_media":27918,"template":"","meta":{"_joinchat":[]},"product_brand":[],"product_cat":[85,87],"product_tag":[],"class_list":{"0":"post-27864","1":"product","2":"type-product","3":"status-publish","4":"has-post-thumbnail","6":"product_cat-auriculares","7":"product_cat-earphones","9":"first","10":"instock","11":"virtual","12":"product-type-simple"},"_links":{"self":[{"href":"https:\/\/protectionmobile.com.ar\/index.php?rest_route=\/wp\/v2\/product\/27864","targetHints":{"allow":["GET"]}}],"collection":[{"href":"https:\/\/protectionmobile.com.ar\/index.php?rest_route=\/wp\/v2\/product"}],"about":[{"href":"https:\/\/protectionmobile.com.ar\/index.php?rest_route=\/wp\/v2\/types\/product"}],"version-history":[{"count":3,"href":"https:\/\/protectionmobile.com.ar\/index.php?rest_route=\/wp\/v2\/product\/27864\/revisions"}],"predecessor-version":[{"id":28489,"href":"https:\/\/protectionmobile.com.ar\/index.php?rest_route=\/wp\/v2\/product\/27864\/revisions\/28489"}],"wp:featuredmedia":[{"embeddable":true,"href":"https:\/\/protectionmobile.com.ar\/index.php?rest_route=\/wp\/v2\/media\/27918"}],"wp:attachment":[{"href":"https:\/\/protectionmobile.com.ar\/index.php?rest_route=%2Fwp%2Fv2%2Fmedia&parent=27864"}],"wp:term":[{"taxonomy":"product_brand","embeddable":true,"href":"https:\/\/protectionmobile.com.ar\/index.php?rest_route=%2Fwp%2Fv2%2Fproduct_brand&post=27864"},{"taxonomy":"product_cat","embeddable":true,"href":"https:\/\/protectionmobile.com.ar\/index.php?rest_route=%2Fwp%2Fv2%2Fproduct_cat&post=27864"},{"taxonomy":"product_tag","embeddable":true,"href":"https:\/\/protectionmobile.com.ar\/index.php?rest_route=%2Fwp%2Fv2%2Fproduct_tag&post=27864"}],"curies":[{"name":"wp","href":"https:\/\/api.w.org\/{rel}","templated":true}]}}