{"id":27862,"date":"2024-10-15T08:27:05","date_gmt":"2024-10-15T06:27:05","guid":{"rendered":"https:\/\/protectionmobile.com.ar\/?product=puremusic-pm-cj02"},"modified":"2024-10-20T01:27:01","modified_gmt":"2024-10-19T23:27:01","slug":"puremusic-pm-cj02","status":"publish","type":"product","link":"https:\/\/protectionmobile.com.ar\/?product=puremusic-pm-cj02","title":{"rendered":"PUREMUSIC PM-CJ02"},"content":{"rendered":"<p>Son peque\u00f1os y ligeros, ideales para llevar contigo a todas partes. Su dise\u00f1o super resistente asegura que soporten el uso diario sin problemas. Si sos de olvidarte de cargar los auriculares inal\u00e1mbricos, este producto es perfecto para vos. Disfrut\u00e1 de un sonido n\u00edtido y de una experiencia auditiva excepcional, sin preocuparte por la bater\u00eda.<\/p>\n","protected":false},"excerpt":{"rendered":"<p>Son peque\u00f1os y ligeros, ideales para llevar contigo a todas partes. Su dise\u00f1o super resistente asegura que soporten el uso<\/p>\n","protected":false},"featured_media":27919,"template":"","meta":{"_joinchat":[]},"product_brand":[],"product_cat":[85,87],"product_tag":[],"class_list":{"0":"post-27862","1":"product","2":"type-product","3":"status-publish","4":"has-post-thumbnail","6":"product_cat-auriculares","7":"product_cat-earphones","9":"first","10":"instock","11":"virtual","12":"product-type-simple"},"_links":{"self":[{"href":"https:\/\/protectionmobile.com.ar\/index.php?rest_route=\/wp\/v2\/product\/27862","targetHints":{"allow":["GET"]}}],"collection":[{"href":"https:\/\/protectionmobile.com.ar\/index.php?rest_route=\/wp\/v2\/product"}],"about":[{"href":"https:\/\/protectionmobile.com.ar\/index.php?rest_route=\/wp\/v2\/types\/product"}],"version-history":[{"count":3,"href":"https:\/\/protectionmobile.com.ar\/index.php?rest_route=\/wp\/v2\/product\/27862\/revisions"}],"predecessor-version":[{"id":28492,"href":"https:\/\/protectionmobile.com.ar\/index.php?rest_route=\/wp\/v2\/product\/27862\/revisions\/28492"}],"wp:featuredmedia":[{"embeddable":true,"href":"https:\/\/protectionmobile.com.ar\/index.php?rest_route=\/wp\/v2\/media\/27919"}],"wp:attachment":[{"href":"https:\/\/protectionmobile.com.ar\/index.php?rest_route=%2Fwp%2Fv2%2Fmedia&parent=27862"}],"wp:term":[{"taxonomy":"product_brand","embeddable":true,"href":"https:\/\/protectionmobile.com.ar\/index.php?rest_route=%2Fwp%2Fv2%2Fproduct_brand&post=27862"},{"taxonomy":"product_cat","embeddable":true,"href":"https:\/\/protectionmobile.com.ar\/index.php?rest_route=%2Fwp%2Fv2%2Fproduct_cat&post=27862"},{"taxonomy":"product_tag","embeddable":true,"href":"https:\/\/protectionmobile.com.ar\/index.php?rest_route=%2Fwp%2Fv2%2Fproduct_tag&post=27862"}],"curies":[{"name":"wp","href":"https:\/\/api.w.org\/{rel}","templated":true}]}}