{"id":27859,"date":"2024-10-15T08:27:05","date_gmt":"2024-10-15T06:27:05","guid":{"rendered":"https:\/\/protectionmobile.com.ar\/?product=gamer"},"modified":"2024-10-20T01:27:54","modified_gmt":"2024-10-19T23:27:54","slug":"gamer","status":"publish","type":"product","link":"https:\/\/protectionmobile.com.ar\/?product=gamer","title":{"rendered":"GAMER"},"content":{"rendered":"<p>\u00abEstos auriculares han llegado para revolucionar el mercado con su comodidad excepcional, ideales para largas horas de diversi\u00f3n. Su micr\u00f3fono con sistema anti-ruido garantiza que te escuchen perfectamente. Adem\u00e1s, las luces RGB-LED aportan un estilo \u00fanico.<\/p>\n<p>Son compatibles con Xbox One, PS4 y PC, y cuentan con tecnolog\u00eda de cancelaci\u00f3n de ruido\u00bb<\/p>\n","protected":false},"excerpt":{"rendered":"<p>\u00abEstos auriculares han llegado para revolucionar el mercado con su comodidad excepcional, ideales para largas horas de diversi\u00f3n. Su micr\u00f3fono<\/p>\n","protected":false},"featured_media":27926,"template":"","meta":{"_joinchat":[]},"product_brand":[],"product_cat":[85,86],"product_tag":[111],"class_list":{"0":"post-27859","1":"product","2":"type-product","3":"status-publish","4":"has-post-thumbnail","6":"product_cat-auriculares","7":"product_cat-headphones","8":"product_tag-novedades","10":"first","11":"instock","12":"featured","13":"virtual","14":"product-type-simple"},"_links":{"self":[{"href":"https:\/\/protectionmobile.com.ar\/index.php?rest_route=\/wp\/v2\/product\/27859","targetHints":{"allow":["GET"]}}],"collection":[{"href":"https:\/\/protectionmobile.com.ar\/index.php?rest_route=\/wp\/v2\/product"}],"about":[{"href":"https:\/\/protectionmobile.com.ar\/index.php?rest_route=\/wp\/v2\/types\/product"}],"version-history":[{"count":2,"href":"https:\/\/protectionmobile.com.ar\/index.php?rest_route=\/wp\/v2\/product\/27859\/revisions"}],"predecessor-version":[{"id":28495,"href":"https:\/\/protectionmobile.com.ar\/index.php?rest_route=\/wp\/v2\/product\/27859\/revisions\/28495"}],"wp:featuredmedia":[{"embeddable":true,"href":"https:\/\/protectionmobile.com.ar\/index.php?rest_route=\/wp\/v2\/media\/27926"}],"wp:attachment":[{"href":"https:\/\/protectionmobile.com.ar\/index.php?rest_route=%2Fwp%2Fv2%2Fmedia&parent=27859"}],"wp:term":[{"taxonomy":"product_brand","embeddable":true,"href":"https:\/\/protectionmobile.com.ar\/index.php?rest_route=%2Fwp%2Fv2%2Fproduct_brand&post=27859"},{"taxonomy":"product_cat","embeddable":true,"href":"https:\/\/protectionmobile.com.ar\/index.php?rest_route=%2Fwp%2Fv2%2Fproduct_cat&post=27859"},{"taxonomy":"product_tag","embeddable":true,"href":"https:\/\/protectionmobile.com.ar\/index.php?rest_route=%2Fwp%2Fv2%2Fproduct_tag&post=27859"}],"curies":[{"name":"wp","href":"https:\/\/api.w.org\/{rel}","templated":true}]}}