{"id":27858,"date":"2024-10-15T08:27:05","date_gmt":"2024-10-15T06:27:05","guid":{"rendered":"https:\/\/protectionmobile.com.ar\/?product=au-40"},"modified":"2024-10-20T01:28:08","modified_gmt":"2024-10-19T23:28:08","slug":"au-40","status":"publish","type":"product","link":"https:\/\/protectionmobile.com.ar\/?product=au-40","title":{"rendered":"AU-40"},"content":{"rendered":"<p>Estos auriculares ofrecen una calidad de audio excepcional y cuentan con una bater\u00eda de hasta 30 horas de reproducci\u00f3n. Dise\u00f1ados para ser super c\u00f3modos y con un acolchado suave, son ideales para largas sesiones de escucha. Su dise\u00f1o plegable los hace f\u00e1ciles de transportar en cualquier bolso o mochila.<\/p>\n","protected":false},"excerpt":{"rendered":"<p>Estos auriculares ofrecen una calidad de audio excepcional y cuentan con una bater\u00eda de hasta 30 horas de reproducci\u00f3n. Dise\u00f1ados<\/p>\n","protected":false},"featured_media":27931,"template":"","meta":{"_joinchat":[]},"product_brand":[],"product_cat":[85,86],"product_tag":[111],"class_list":{"0":"post-27858","1":"product","2":"type-product","3":"status-publish","4":"has-post-thumbnail","6":"product_cat-auriculares","7":"product_cat-headphones","8":"product_tag-novedades","10":"first","11":"instock","12":"featured","13":"virtual","14":"product-type-simple"},"_links":{"self":[{"href":"https:\/\/protectionmobile.com.ar\/index.php?rest_route=\/wp\/v2\/product\/27858","targetHints":{"allow":["GET"]}}],"collection":[{"href":"https:\/\/protectionmobile.com.ar\/index.php?rest_route=\/wp\/v2\/product"}],"about":[{"href":"https:\/\/protectionmobile.com.ar\/index.php?rest_route=\/wp\/v2\/types\/product"}],"version-history":[{"count":3,"href":"https:\/\/protectionmobile.com.ar\/index.php?rest_route=\/wp\/v2\/product\/27858\/revisions"}],"predecessor-version":[{"id":28497,"href":"https:\/\/protectionmobile.com.ar\/index.php?rest_route=\/wp\/v2\/product\/27858\/revisions\/28497"}],"wp:featuredmedia":[{"embeddable":true,"href":"https:\/\/protectionmobile.com.ar\/index.php?rest_route=\/wp\/v2\/media\/27931"}],"wp:attachment":[{"href":"https:\/\/protectionmobile.com.ar\/index.php?rest_route=%2Fwp%2Fv2%2Fmedia&parent=27858"}],"wp:term":[{"taxonomy":"product_brand","embeddable":true,"href":"https:\/\/protectionmobile.com.ar\/index.php?rest_route=%2Fwp%2Fv2%2Fproduct_brand&post=27858"},{"taxonomy":"product_cat","embeddable":true,"href":"https:\/\/protectionmobile.com.ar\/index.php?rest_route=%2Fwp%2Fv2%2Fproduct_cat&post=27858"},{"taxonomy":"product_tag","embeddable":true,"href":"https:\/\/protectionmobile.com.ar\/index.php?rest_route=%2Fwp%2Fv2%2Fproduct_tag&post=27858"}],"curies":[{"name":"wp","href":"https:\/\/api.w.org\/{rel}","templated":true}]}}