{"id":27857,"date":"2024-10-15T08:27:04","date_gmt":"2024-10-15T06:27:04","guid":{"rendered":"https:\/\/protectionmobile.com.ar\/?product=au-50"},"modified":"2024-10-20T01:28:51","modified_gmt":"2024-10-19T23:28:51","slug":"au-50","status":"publish","type":"product","link":"https:\/\/protectionmobile.com.ar\/?product=au-50","title":{"rendered":"AU-50"},"content":{"rendered":"<p>Los auriculares inal\u00e1mbricos AU-50 son la mejor opci\u00f3n para llevar tu m\u00fasica a todas partes. Con 8 horas de reproducci\u00f3n, podr\u00e1s disfrutar de tus canciones favoritas al aire libre sin preocupaciones.<\/p>\n<p>Su dise\u00f1o super c\u00f3modo y ligero permite que los lleves en cualquier bolso o mochila, haci\u00e9ndolos ideales para tu estilo de vida activo. \u00a1No dejes pasar la oportunidad de tener la mejor calidad de sonido donde quiera que vayas!<\/p>\n","protected":false},"excerpt":{"rendered":"<p>Los auriculares inal\u00e1mbricos AU-50 son la mejor opci\u00f3n para llevar tu m\u00fasica a todas partes. Con 8 horas de reproducci\u00f3n,<\/p>\n","protected":false},"featured_media":27930,"template":"","meta":{"_joinchat":[]},"product_brand":[],"product_cat":[85,86],"product_tag":[],"class_list":{"0":"post-27857","1":"product","2":"type-product","3":"status-publish","4":"has-post-thumbnail","6":"product_cat-auriculares","7":"product_cat-headphones","9":"first","10":"instock","11":"virtual","12":"product-type-simple"},"_links":{"self":[{"href":"https:\/\/protectionmobile.com.ar\/index.php?rest_route=\/wp\/v2\/product\/27857","targetHints":{"allow":["GET"]}}],"collection":[{"href":"https:\/\/protectionmobile.com.ar\/index.php?rest_route=\/wp\/v2\/product"}],"about":[{"href":"https:\/\/protectionmobile.com.ar\/index.php?rest_route=\/wp\/v2\/types\/product"}],"version-history":[{"count":3,"href":"https:\/\/protectionmobile.com.ar\/index.php?rest_route=\/wp\/v2\/product\/27857\/revisions"}],"predecessor-version":[{"id":28499,"href":"https:\/\/protectionmobile.com.ar\/index.php?rest_route=\/wp\/v2\/product\/27857\/revisions\/28499"}],"wp:featuredmedia":[{"embeddable":true,"href":"https:\/\/protectionmobile.com.ar\/index.php?rest_route=\/wp\/v2\/media\/27930"}],"wp:attachment":[{"href":"https:\/\/protectionmobile.com.ar\/index.php?rest_route=%2Fwp%2Fv2%2Fmedia&parent=27857"}],"wp:term":[{"taxonomy":"product_brand","embeddable":true,"href":"https:\/\/protectionmobile.com.ar\/index.php?rest_route=%2Fwp%2Fv2%2Fproduct_brand&post=27857"},{"taxonomy":"product_cat","embeddable":true,"href":"https:\/\/protectionmobile.com.ar\/index.php?rest_route=%2Fwp%2Fv2%2Fproduct_cat&post=27857"},{"taxonomy":"product_tag","embeddable":true,"href":"https:\/\/protectionmobile.com.ar\/index.php?rest_route=%2Fwp%2Fv2%2Fproduct_tag&post=27857"}],"curies":[{"name":"wp","href":"https:\/\/api.w.org\/{rel}","templated":true}]}}