{"id":27853,"date":"2024-10-15T08:27:04","date_gmt":"2024-10-15T06:27:04","guid":{"rendered":"https:\/\/protectionmobile.com.ar\/?product=aro-de-luz-rgb-36cm"},"modified":"2024-10-20T01:29:39","modified_gmt":"2024-10-19T23:29:39","slug":"aro-de-luz-rgb-36cm","status":"publish","type":"product","link":"https:\/\/protectionmobile.com.ar\/?product=aro-de-luz-rgb-36cm","title":{"rendered":"ARO DE LUZ RGB 36CM"},"content":{"rendered":"<p>\u00abEl Aro de luz RGB tiene un di\u00e1metro de 36 cm y 140 LED que funcionan a una temperatura de color de 3000k-6500k para eliminar las sombras poco favorecedoras de tu rostro. Este anillo de luz se puede ajustar a 15 colores y 10 niveles de brillo distintos. Puede ajustar la luz del anillo para encontrar la iluminaci\u00f3n m\u00e1s adecuada para unas selfies perfectas.<\/p>\n<p>Alimentado por USB: funciona con la mayor\u00eda de los dispositivos que admiten puerto USB, como computadora port\u00e1til, PC, banco de energ\u00eda, cargador USB, adaptador de CA, etc. Hay cuatro botones para encender y apagar, cambiar el modo de iluminaci\u00f3n y ajustar los niveles de brillo, es f\u00e1cil de encontrar sus opciones en segundos. Viene con un cable de 2m de largo.<\/p>\n<p>El anillo de luz cuenta con rotaci\u00f3n de 180 grados. Se puede ajustar la luz en el \u00e1ngulo que m\u00e1s te guste. Tambi\u00e9n posee un soporte giratorio para tel\u00e9fono: puede ajustar f\u00e1cilmente el soporte para encontrar el \u00e1ngulo que desee: horizontal, vertical, \u00e1ngulo alto, \u00e1ngulo bajo y m\u00e1s.\u00bb<\/p>\n","protected":false},"excerpt":{"rendered":"<p>\u00abEl Aro de luz RGB tiene un di\u00e1metro de 36 cm y 140 LED que funcionan a una temperatura de<\/p>\n","protected":false},"featured_media":27947,"template":"","meta":{"_joinchat":[]},"product_brand":[],"product_cat":[107,102],"product_tag":[],"class_list":{"0":"post-27853","1":"product","2":"type-product","3":"status-publish","4":"has-post-thumbnail","6":"product_cat-aro-rgb-36-cm","7":"product_cat-aros-de-luz","9":"first","10":"instock","11":"virtual","12":"product-type-simple"},"_links":{"self":[{"href":"https:\/\/protectionmobile.com.ar\/index.php?rest_route=\/wp\/v2\/product\/27853","targetHints":{"allow":["GET"]}}],"collection":[{"href":"https:\/\/protectionmobile.com.ar\/index.php?rest_route=\/wp\/v2\/product"}],"about":[{"href":"https:\/\/protectionmobile.com.ar\/index.php?rest_route=\/wp\/v2\/types\/product"}],"version-history":[{"count":3,"href":"https:\/\/protectionmobile.com.ar\/index.php?rest_route=\/wp\/v2\/product\/27853\/revisions"}],"predecessor-version":[{"id":28502,"href":"https:\/\/protectionmobile.com.ar\/index.php?rest_route=\/wp\/v2\/product\/27853\/revisions\/28502"}],"wp:featuredmedia":[{"embeddable":true,"href":"https:\/\/protectionmobile.com.ar\/index.php?rest_route=\/wp\/v2\/media\/27947"}],"wp:attachment":[{"href":"https:\/\/protectionmobile.com.ar\/index.php?rest_route=%2Fwp%2Fv2%2Fmedia&parent=27853"}],"wp:term":[{"taxonomy":"product_brand","embeddable":true,"href":"https:\/\/protectionmobile.com.ar\/index.php?rest_route=%2Fwp%2Fv2%2Fproduct_brand&post=27853"},{"taxonomy":"product_cat","embeddable":true,"href":"https:\/\/protectionmobile.com.ar\/index.php?rest_route=%2Fwp%2Fv2%2Fproduct_cat&post=27853"},{"taxonomy":"product_tag","embeddable":true,"href":"https:\/\/protectionmobile.com.ar\/index.php?rest_route=%2Fwp%2Fv2%2Fproduct_tag&post=27853"}],"curies":[{"name":"wp","href":"https:\/\/api.w.org\/{rel}","templated":true}]}}