{"id":27851,"date":"2024-10-15T08:27:03","date_gmt":"2024-10-15T06:27:03","guid":{"rendered":"https:\/\/protectionmobile.com.ar\/?product=aro-led-8"},"modified":"2024-10-20T01:30:32","modified_gmt":"2024-10-19T23:30:32","slug":"aro-led-8","status":"publish","type":"product","link":"https:\/\/protectionmobile.com.ar\/?product=aro-led-8","title":{"rendered":"ARO LED 8&#8243;"},"content":{"rendered":"<p>Aro de LED de alta calidad, sin parpadeo, sin radiaci\u00f3n de luz, baja producci\u00f3n de calor, seguridad y protecci\u00f3n del medio ambiente.<br \/>\nLa luz c\u00e1lida, la luz blanca c\u00e1lida y la luz blanca se pueden conmutar arbitrariamente para ajustar el brillo al brillo m\u00e1s apropiado.<br \/>\nAmpliamente utilizado en podcasts, video en vivo, video chat, luces autodisparador, maquillaje, luces de relleno interior, retratos, moda, arte de la boda, fotograf\u00eda publicitaria, etc.<\/p>\n","protected":false},"excerpt":{"rendered":"<p>Aro de LED de alta calidad, sin parpadeo, sin radiaci\u00f3n de luz, baja producci\u00f3n de calor, seguridad y protecci\u00f3n del<\/p>\n","protected":false},"featured_media":27948,"template":"","meta":{"_joinchat":[]},"product_brand":[],"product_cat":[105,102],"product_tag":[],"class_list":{"0":"post-27851","1":"product","2":"type-product","3":"status-publish","4":"has-post-thumbnail","6":"product_cat-aro-de-luz-8","7":"product_cat-aros-de-luz","9":"first","10":"instock","11":"virtual","12":"product-type-simple"},"_links":{"self":[{"href":"https:\/\/protectionmobile.com.ar\/index.php?rest_route=\/wp\/v2\/product\/27851","targetHints":{"allow":["GET"]}}],"collection":[{"href":"https:\/\/protectionmobile.com.ar\/index.php?rest_route=\/wp\/v2\/product"}],"about":[{"href":"https:\/\/protectionmobile.com.ar\/index.php?rest_route=\/wp\/v2\/types\/product"}],"version-history":[{"count":4,"href":"https:\/\/protectionmobile.com.ar\/index.php?rest_route=\/wp\/v2\/product\/27851\/revisions"}],"predecessor-version":[{"id":28507,"href":"https:\/\/protectionmobile.com.ar\/index.php?rest_route=\/wp\/v2\/product\/27851\/revisions\/28507"}],"wp:featuredmedia":[{"embeddable":true,"href":"https:\/\/protectionmobile.com.ar\/index.php?rest_route=\/wp\/v2\/media\/27948"}],"wp:attachment":[{"href":"https:\/\/protectionmobile.com.ar\/index.php?rest_route=%2Fwp%2Fv2%2Fmedia&parent=27851"}],"wp:term":[{"taxonomy":"product_brand","embeddable":true,"href":"https:\/\/protectionmobile.com.ar\/index.php?rest_route=%2Fwp%2Fv2%2Fproduct_brand&post=27851"},{"taxonomy":"product_cat","embeddable":true,"href":"https:\/\/protectionmobile.com.ar\/index.php?rest_route=%2Fwp%2Fv2%2Fproduct_cat&post=27851"},{"taxonomy":"product_tag","embeddable":true,"href":"https:\/\/protectionmobile.com.ar\/index.php?rest_route=%2Fwp%2Fv2%2Fproduct_tag&post=27851"}],"curies":[{"name":"wp","href":"https:\/\/api.w.org\/{rel}","templated":true}]}}