{"id":27850,"date":"2024-10-15T08:27:03","date_gmt":"2024-10-15T06:27:03","guid":{"rendered":"https:\/\/protectionmobile.com.ar\/?product=aro-selfie"},"modified":"2024-10-20T01:30:18","modified_gmt":"2024-10-19T23:30:18","slug":"aro-selfie","status":"publish","type":"product","link":"https:\/\/protectionmobile.com.ar\/?product=aro-selfie","title":{"rendered":"ARO SELFIE"},"content":{"rendered":"<p>Accesorio perfecto para quienes buscan mejorar la calidad de sus im\u00e1genes. Con su dise\u00f1o compacto y ligero, podr\u00e1s llevarlo a cualquier lugar y capturar momentos inolvidables. Este aro de luz se adapta a todos los smartphones, brindando una iluminaci\u00f3n suave y uniforme, ideal para selfies y videos. No dejes que la falta de luz arruine tus fotos. \u00a1Haz que cada imagen brille!<\/p>\n","protected":false},"excerpt":{"rendered":"<p>Accesorio perfecto para quienes buscan mejorar la calidad de sus im\u00e1genes. Con su dise\u00f1o compacto y ligero, podr\u00e1s llevarlo a<\/p>\n","protected":false},"featured_media":27949,"template":"","meta":{"_joinchat":[]},"product_brand":[],"product_cat":[104,102],"product_tag":[],"class_list":{"0":"post-27850","1":"product","2":"type-product","3":"status-publish","4":"has-post-thumbnail","6":"product_cat-aro-selfie","7":"product_cat-aros-de-luz","9":"first","10":"instock","11":"shipping-taxable","12":"product-type-simple"},"_links":{"self":[{"href":"https:\/\/protectionmobile.com.ar\/index.php?rest_route=\/wp\/v2\/product\/27850","targetHints":{"allow":["GET"]}}],"collection":[{"href":"https:\/\/protectionmobile.com.ar\/index.php?rest_route=\/wp\/v2\/product"}],"about":[{"href":"https:\/\/protectionmobile.com.ar\/index.php?rest_route=\/wp\/v2\/types\/product"}],"version-history":[{"count":2,"href":"https:\/\/protectionmobile.com.ar\/index.php?rest_route=\/wp\/v2\/product\/27850\/revisions"}],"predecessor-version":[{"id":28505,"href":"https:\/\/protectionmobile.com.ar\/index.php?rest_route=\/wp\/v2\/product\/27850\/revisions\/28505"}],"wp:featuredmedia":[{"embeddable":true,"href":"https:\/\/protectionmobile.com.ar\/index.php?rest_route=\/wp\/v2\/media\/27949"}],"wp:attachment":[{"href":"https:\/\/protectionmobile.com.ar\/index.php?rest_route=%2Fwp%2Fv2%2Fmedia&parent=27850"}],"wp:term":[{"taxonomy":"product_brand","embeddable":true,"href":"https:\/\/protectionmobile.com.ar\/index.php?rest_route=%2Fwp%2Fv2%2Fproduct_brand&post=27850"},{"taxonomy":"product_cat","embeddable":true,"href":"https:\/\/protectionmobile.com.ar\/index.php?rest_route=%2Fwp%2Fv2%2Fproduct_cat&post=27850"},{"taxonomy":"product_tag","embeddable":true,"href":"https:\/\/protectionmobile.com.ar\/index.php?rest_route=%2Fwp%2Fv2%2Fproduct_tag&post=27850"}],"curies":[{"name":"wp","href":"https:\/\/api.w.org\/{rel}","templated":true}]}}