{"id":27847,"date":"2024-10-15T08:27:03","date_gmt":"2024-10-15T06:27:03","guid":{"rendered":"https:\/\/protectionmobile.com.ar\/?product=templado-simple"},"modified":"2024-10-20T00:52:38","modified_gmt":"2024-10-19T22:52:38","slug":"templado-simple","status":"publish","type":"product","link":"https:\/\/protectionmobile.com.ar\/?product=templado-simple","title":{"rendered":"TEMPLADO SIMPLE"},"content":{"rendered":"<p>Se trata de un vidrio con una capa de pegamento que se aplica sobre la pantalla. Su funci\u00f3n es la de proteger la misma contra ara\u00f1azos, rayas, pero sobre todo la de estallar ante una ca\u00edda y con esto absorber la energ\u00eda de ese impacto y que no se aplique con la pantalla del tel\u00e9fono.<\/p>\n","protected":false},"excerpt":{"rendered":"<p>Se trata de un vidrio con una capa de pegamento que se aplica sobre la pantalla. Su funci\u00f3n es la<\/p>\n","protected":false},"featured_media":27937,"template":"","meta":{"_joinchat":[]},"product_brand":[],"product_cat":[82,81],"product_tag":[],"class_list":{"0":"post-27847","1":"product","2":"type-product","3":"status-publish","4":"has-post-thumbnail","6":"product_cat-simple","7":"product_cat-templados","9":"first","10":"instock","11":"virtual","12":"product-type-simple"},"_links":{"self":[{"href":"https:\/\/protectionmobile.com.ar\/index.php?rest_route=\/wp\/v2\/product\/27847","targetHints":{"allow":["GET"]}}],"collection":[{"href":"https:\/\/protectionmobile.com.ar\/index.php?rest_route=\/wp\/v2\/product"}],"about":[{"href":"https:\/\/protectionmobile.com.ar\/index.php?rest_route=\/wp\/v2\/types\/product"}],"version-history":[{"count":3,"href":"https:\/\/protectionmobile.com.ar\/index.php?rest_route=\/wp\/v2\/product\/27847\/revisions"}],"predecessor-version":[{"id":28455,"href":"https:\/\/protectionmobile.com.ar\/index.php?rest_route=\/wp\/v2\/product\/27847\/revisions\/28455"}],"wp:featuredmedia":[{"embeddable":true,"href":"https:\/\/protectionmobile.com.ar\/index.php?rest_route=\/wp\/v2\/media\/27937"}],"wp:attachment":[{"href":"https:\/\/protectionmobile.com.ar\/index.php?rest_route=%2Fwp%2Fv2%2Fmedia&parent=27847"}],"wp:term":[{"taxonomy":"product_brand","embeddable":true,"href":"https:\/\/protectionmobile.com.ar\/index.php?rest_route=%2Fwp%2Fv2%2Fproduct_brand&post=27847"},{"taxonomy":"product_cat","embeddable":true,"href":"https:\/\/protectionmobile.com.ar\/index.php?rest_route=%2Fwp%2Fv2%2Fproduct_cat&post=27847"},{"taxonomy":"product_tag","embeddable":true,"href":"https:\/\/protectionmobile.com.ar\/index.php?rest_route=%2Fwp%2Fv2%2Fproduct_tag&post=27847"}],"curies":[{"name":"wp","href":"https:\/\/api.w.org\/{rel}","templated":true}]}}