{"id":27836,"date":"2024-10-14T23:07:06","date_gmt":"2024-10-14T21:07:06","guid":{"rendered":"https:\/\/protectionmobile.com.ar\/?post_type=product&#038;p=27836"},"modified":"2024-10-20T01:37:22","modified_gmt":"2024-10-19T23:37:22","slug":"sogas-universales","status":"publish","type":"product","link":"https:\/\/protectionmobile.com.ar\/?product=sogas-universales","title":{"rendered":"SOGAS UNIVERSALES"},"content":{"rendered":"<p>Cordon, correa para el celular con cordon regulable. Evita ca\u00eddas de tu celular. Se engancha por medio de un plastico que colocas entre la funda y el celular, queda totalmente seguro.<\/p>\n<p>-Cuerdas fabricadas en poli\u00e9ster. El colgante est\u00e1 fabricado en cord\u00f3n suave que evita rozaduras en el cuello.<br \/>\n-Son resistentes y no absorben humedad ni olores.<br \/>\n-Incorpora un sistema de fijaci\u00f3n a trav\u00e9s de un pl\u00e1stico que se coloca entre la<br \/>\nfunda y el m\u00f3vil, lo que lo convierte en universal para todos los tel\u00e9fonos m\u00f3viles.<br \/>\n-El cord\u00f3n puede regularse y llevarlo tanto de forma frontal como a un lado.<br \/>\n-Solo apto para Fundas que cubran por completo la base del tel\u00e8fono.<br \/>\n-Con broche y ojal que se coloca por dentro de la funda del telefono.<br \/>\n-No interfiere con el orificio de carga.<br \/>\n-Es sin adhesivo, el plastico se coloca entre la funda y el celu.<\/p>\n","protected":false},"excerpt":{"rendered":"<p>Cordon, correa para el celular con cordon regulable. Evita ca\u00eddas de tu celular. Se engancha por medio de un plastico<\/p>\n","protected":false},"featured_media":27990,"template":"","meta":{"_joinchat":[]},"product_brand":[],"product_cat":[89,92],"product_tag":[],"class_list":{"0":"post-27836","1":"product","2":"type-product","3":"status-publish","4":"has-post-thumbnail","6":"product_cat-accesorios","7":"product_cat-colgantes-para-celular","9":"first","10":"instock","11":"virtual","12":"product-type-simple"},"_links":{"self":[{"href":"https:\/\/protectionmobile.com.ar\/index.php?rest_route=\/wp\/v2\/product\/27836","targetHints":{"allow":["GET"]}}],"collection":[{"href":"https:\/\/protectionmobile.com.ar\/index.php?rest_route=\/wp\/v2\/product"}],"about":[{"href":"https:\/\/protectionmobile.com.ar\/index.php?rest_route=\/wp\/v2\/types\/product"}],"version-history":[{"count":3,"href":"https:\/\/protectionmobile.com.ar\/index.php?rest_route=\/wp\/v2\/product\/27836\/revisions"}],"predecessor-version":[{"id":28521,"href":"https:\/\/protectionmobile.com.ar\/index.php?rest_route=\/wp\/v2\/product\/27836\/revisions\/28521"}],"wp:featuredmedia":[{"embeddable":true,"href":"https:\/\/protectionmobile.com.ar\/index.php?rest_route=\/wp\/v2\/media\/27990"}],"wp:attachment":[{"href":"https:\/\/protectionmobile.com.ar\/index.php?rest_route=%2Fwp%2Fv2%2Fmedia&parent=27836"}],"wp:term":[{"taxonomy":"product_brand","embeddable":true,"href":"https:\/\/protectionmobile.com.ar\/index.php?rest_route=%2Fwp%2Fv2%2Fproduct_brand&post=27836"},{"taxonomy":"product_cat","embeddable":true,"href":"https:\/\/protectionmobile.com.ar\/index.php?rest_route=%2Fwp%2Fv2%2Fproduct_cat&post=27836"},{"taxonomy":"product_tag","embeddable":true,"href":"https:\/\/protectionmobile.com.ar\/index.php?rest_route=%2Fwp%2Fv2%2Fproduct_tag&post=27836"}],"curies":[{"name":"wp","href":"https:\/\/api.w.org\/{rel}","templated":true}]}}