{"id":27826,"date":"2024-10-14T23:05:08","date_gmt":"2024-10-14T21:05:08","guid":{"rendered":"https:\/\/protectionmobile.com.ar\/?post_type=product&#038;p=27826"},"modified":"2024-10-20T01:38:52","modified_gmt":"2024-10-19T23:38:52","slug":"soporte-a-rosca","status":"publish","type":"product","link":"https:\/\/protectionmobile.com.ar\/?product=soporte-a-rosca","title":{"rendered":"SOPORTE A ROSCA"},"content":{"rendered":"<p>Soporte giratorio de 90 grados del tel\u00e9fono para el modo del retrato (vertical) o el modo del paisaje (horizontal) mantiene cualquier smartphone firmemente sujeto al tripode, monopie etc.<br \/>\nEl tornillo se asegura con un agarre apretado y no da\u00f1ar\u00e1 el exterior<br \/>\nM\u00faltiples ubicaciones de montaje para satisfacer sus diversas necesidades<br \/>\nTama\u00f1o del clip del tel\u00e9fono m\u00f3vil: 58mm- 101mm, foto numero 3.<br \/>\nBase rosca tornillos est\u00e1ndar internacionales 1\/4 interfaz<\/p>\n","protected":false},"excerpt":{"rendered":"<p>Soporte giratorio de 90 grados del tel\u00e9fono para el modo del retrato (vertical) o el modo del paisaje (horizontal) mantiene<\/p>\n","protected":false},"featured_media":27977,"template":"","meta":{"_joinchat":[]},"product_brand":[],"product_cat":[89,95],"product_tag":[],"class_list":{"0":"post-27826","1":"product","2":"type-product","3":"status-publish","4":"has-post-thumbnail","6":"product_cat-accesorios","7":"product_cat-accesorios-tripodes","9":"first","10":"instock","11":"virtual","12":"product-type-simple"},"_links":{"self":[{"href":"https:\/\/protectionmobile.com.ar\/index.php?rest_route=\/wp\/v2\/product\/27826","targetHints":{"allow":["GET"]}}],"collection":[{"href":"https:\/\/protectionmobile.com.ar\/index.php?rest_route=\/wp\/v2\/product"}],"about":[{"href":"https:\/\/protectionmobile.com.ar\/index.php?rest_route=\/wp\/v2\/types\/product"}],"version-history":[{"count":3,"href":"https:\/\/protectionmobile.com.ar\/index.php?rest_route=\/wp\/v2\/product\/27826\/revisions"}],"predecessor-version":[{"id":28528,"href":"https:\/\/protectionmobile.com.ar\/index.php?rest_route=\/wp\/v2\/product\/27826\/revisions\/28528"}],"wp:featuredmedia":[{"embeddable":true,"href":"https:\/\/protectionmobile.com.ar\/index.php?rest_route=\/wp\/v2\/media\/27977"}],"wp:attachment":[{"href":"https:\/\/protectionmobile.com.ar\/index.php?rest_route=%2Fwp%2Fv2%2Fmedia&parent=27826"}],"wp:term":[{"taxonomy":"product_brand","embeddable":true,"href":"https:\/\/protectionmobile.com.ar\/index.php?rest_route=%2Fwp%2Fv2%2Fproduct_brand&post=27826"},{"taxonomy":"product_cat","embeddable":true,"href":"https:\/\/protectionmobile.com.ar\/index.php?rest_route=%2Fwp%2Fv2%2Fproduct_cat&post=27826"},{"taxonomy":"product_tag","embeddable":true,"href":"https:\/\/protectionmobile.com.ar\/index.php?rest_route=%2Fwp%2Fv2%2Fproduct_tag&post=27826"}],"curies":[{"name":"wp","href":"https:\/\/api.w.org\/{rel}","templated":true}]}}