{"id":27818,"date":"2024-10-14T23:03:11","date_gmt":"2024-10-14T21:03:11","guid":{"rendered":"https:\/\/protectionmobile.com.ar\/?post_type=product&#038;p=27818"},"modified":"2024-10-20T01:35:11","modified_gmt":"2024-10-19T23:35:11","slug":"soporte-con-cargador-wireless","status":"publish","type":"product","link":"https:\/\/protectionmobile.com.ar\/?product=soporte-con-cargador-wireless","title":{"rendered":"SOPORTE CON CARGADOR WIRELESS"},"content":{"rendered":"<p>IMPORTANTE: Compatible solo con smartphones con el estandar Qi de carga inalambrica, asegurese de que su equipo cuente con esta funcionalidad<\/p>\n<p>&#8212; Modelo universal apto para dispositivos entre 71mm y 91mm de ancho<br \/>\n&#8212; Facil colocaci\u00f3n<br \/>\n&#8212; Cabezal regulable<br \/>\n&#8212; Puede colocarse tanto en el tablero como en el parabrisa del veh\u00edculo gracias a su sopapa de silicona, adem\u00e1s incluye conector para sujetar de la ventilaci\u00f3n del auto<br \/>\n&#8212; Pr\u00e1ctico ajuste por gravedad, solo debe posicionar su celular y por propio peso ajusta los laterales al tama\u00f1o del equipo<\/p>\n<p>Especificaciones:<br \/>\n&#8211; Entrada: DC 5V \/2A DC9V \/1.67A<br \/>\n&#8211; Potencia de carga: 10W<br \/>\n&#8211; Standard: Qi<br \/>\n&#8211; Distancia de carga: 3-10mm<\/p>\n<p>Incluye:<br \/>\n&#8212; Cable USB para conectar el soporte<br \/>\n&#8212; Soporte con sopapa para tablero o parabrisas<br \/>\n&#8212; Soporte con gancho para sujetar de la ventilaci\u00f3n del veh\u00edculo<br \/>\n&#8212; Manual de instrucciones<br \/>\n&#8212; Soporte para celular con carga inal\u00e1mbrica<\/p>\n<p>El soporte debe estar conectado por medio del cable USB que incluye a una toma de corriente para poder funcionar.<\/p>\n","protected":false},"excerpt":{"rendered":"<p>IMPORTANTE: Compatible solo con smartphones con el estandar Qi de carga inalambrica, asegurese de que su equipo cuente con esta<\/p>\n","protected":false},"featured_media":27983,"template":"","meta":{"_joinchat":[]},"product_brand":[],"product_cat":[89,90],"product_tag":[111],"class_list":{"0":"post-27818","1":"product","2":"type-product","3":"status-publish","4":"has-post-thumbnail","6":"product_cat-accesorios","7":"product_cat-soportes","8":"product_tag-novedades","10":"first","11":"instock","12":"featured","13":"virtual","14":"product-type-simple"},"_links":{"self":[{"href":"https:\/\/protectionmobile.com.ar\/index.php?rest_route=\/wp\/v2\/product\/27818","targetHints":{"allow":["GET"]}}],"collection":[{"href":"https:\/\/protectionmobile.com.ar\/index.php?rest_route=\/wp\/v2\/product"}],"about":[{"href":"https:\/\/protectionmobile.com.ar\/index.php?rest_route=\/wp\/v2\/types\/product"}],"version-history":[{"count":2,"href":"https:\/\/protectionmobile.com.ar\/index.php?rest_route=\/wp\/v2\/product\/27818\/revisions"}],"predecessor-version":[{"id":28512,"href":"https:\/\/protectionmobile.com.ar\/index.php?rest_route=\/wp\/v2\/product\/27818\/revisions\/28512"}],"wp:featuredmedia":[{"embeddable":true,"href":"https:\/\/protectionmobile.com.ar\/index.php?rest_route=\/wp\/v2\/media\/27983"}],"wp:attachment":[{"href":"https:\/\/protectionmobile.com.ar\/index.php?rest_route=%2Fwp%2Fv2%2Fmedia&parent=27818"}],"wp:term":[{"taxonomy":"product_brand","embeddable":true,"href":"https:\/\/protectionmobile.com.ar\/index.php?rest_route=%2Fwp%2Fv2%2Fproduct_brand&post=27818"},{"taxonomy":"product_cat","embeddable":true,"href":"https:\/\/protectionmobile.com.ar\/index.php?rest_route=%2Fwp%2Fv2%2Fproduct_cat&post=27818"},{"taxonomy":"product_tag","embeddable":true,"href":"https:\/\/protectionmobile.com.ar\/index.php?rest_route=%2Fwp%2Fv2%2Fproduct_tag&post=27818"}],"curies":[{"name":"wp","href":"https:\/\/api.w.org\/{rel}","templated":true}]}}