{"id":27812,"date":"2024-10-14T23:02:07","date_gmt":"2024-10-14T21:02:07","guid":{"rendered":"https:\/\/protectionmobile.com.ar\/?post_type=product&#038;p=27812"},"modified":"2024-10-20T01:35:58","modified_gmt":"2024-10-19T23:35:58","slug":"soporte-bici-c-agarre-silicona","status":"publish","type":"product","link":"https:\/\/protectionmobile.com.ar\/?product=soporte-bici-c-agarre-silicona","title":{"rendered":"SOPORTE BICI C\/ AGARRE SILICONA"},"content":{"rendered":"<p>Soporte universal para bicicleta: se adapta perfectamente a todos los tel\u00e9fonos inteligentes con un tama\u00f1o de pantalla de 4.7 \u00ab-6.0\u00bb.<\/p>\n<p>Acceso total y manos libres: brinda acceso completo a todos los botones y entradas de los tel\u00e9fonos inteligentes, facilita el funcionamiento de su tel\u00e9fono sin sacarlo del estuche.<\/p>\n<p>F\u00e1cil instalaci\u00f3n: los cinturones el\u00e1sticos de silicona hacen que sea muy f\u00e1cil de colocar o quitar de cualquier tama\u00f1o de manillar de bicicleta, motocicletas o un cochecito de beb\u00e9.<\/p>\n","protected":false},"excerpt":{"rendered":"<p>Soporte universal para bicicleta: se adapta perfectamente a todos los tel\u00e9fonos inteligentes con un tama\u00f1o de pantalla de 4.7 \u00ab-6.0\u00bb.<\/p>\n","protected":false},"featured_media":27987,"template":"","meta":{"_joinchat":[]},"product_brand":[],"product_cat":[89,90],"product_tag":[111],"class_list":{"0":"post-27812","1":"product","2":"type-product","3":"status-publish","4":"has-post-thumbnail","6":"product_cat-accesorios","7":"product_cat-soportes","8":"product_tag-novedades","10":"first","11":"instock","12":"featured","13":"virtual","14":"product-type-simple"},"_links":{"self":[{"href":"https:\/\/protectionmobile.com.ar\/index.php?rest_route=\/wp\/v2\/product\/27812","targetHints":{"allow":["GET"]}}],"collection":[{"href":"https:\/\/protectionmobile.com.ar\/index.php?rest_route=\/wp\/v2\/product"}],"about":[{"href":"https:\/\/protectionmobile.com.ar\/index.php?rest_route=\/wp\/v2\/types\/product"}],"version-history":[{"count":3,"href":"https:\/\/protectionmobile.com.ar\/index.php?rest_route=\/wp\/v2\/product\/27812\/revisions"}],"predecessor-version":[{"id":28516,"href":"https:\/\/protectionmobile.com.ar\/index.php?rest_route=\/wp\/v2\/product\/27812\/revisions\/28516"}],"wp:featuredmedia":[{"embeddable":true,"href":"https:\/\/protectionmobile.com.ar\/index.php?rest_route=\/wp\/v2\/media\/27987"}],"wp:attachment":[{"href":"https:\/\/protectionmobile.com.ar\/index.php?rest_route=%2Fwp%2Fv2%2Fmedia&parent=27812"}],"wp:term":[{"taxonomy":"product_brand","embeddable":true,"href":"https:\/\/protectionmobile.com.ar\/index.php?rest_route=%2Fwp%2Fv2%2Fproduct_brand&post=27812"},{"taxonomy":"product_cat","embeddable":true,"href":"https:\/\/protectionmobile.com.ar\/index.php?rest_route=%2Fwp%2Fv2%2Fproduct_cat&post=27812"},{"taxonomy":"product_tag","embeddable":true,"href":"https:\/\/protectionmobile.com.ar\/index.php?rest_route=%2Fwp%2Fv2%2Fproduct_tag&post=27812"}],"curies":[{"name":"wp","href":"https:\/\/api.w.org\/{rel}","templated":true}]}}