{"id":27804,"date":"2024-10-14T22:50:47","date_gmt":"2024-10-14T20:50:47","guid":{"rendered":"https:\/\/protectionmobile.com.ar\/?post_type=product&#038;p=27804"},"modified":"2024-10-20T00:56:23","modified_gmt":"2024-10-19T22:56:23","slug":"funda-puffer","status":"publish","type":"product","link":"https:\/\/protectionmobile.com.ar\/?product=funda-puffer","title":{"rendered":"FUNDA PUFFER"},"content":{"rendered":"<p>\u00a1 \u00daltima tendencia, Puffer! ?? Esta funda es perfecta para quienes buscan un estilo moderno y pr\u00e1ctico. Su dise\u00f1o acolchado no solo le da un toque \u00fanico, sino que tambi\u00e9n protege tu dispositivo de golpes y ca\u00eddas.<\/p>\n","protected":false},"excerpt":{"rendered":"<p>\u00a1 \u00daltima tendencia, Puffer! ?? Esta funda es perfecta para quienes buscan un estilo moderno y pr\u00e1ctico. Su dise\u00f1o acolchado<\/p>\n","protected":false},"featured_media":27953,"template":"","meta":{"_joinchat":[]},"product_brand":[],"product_cat":[74,79],"product_tag":[111],"class_list":{"0":"post-27804","1":"product","2":"type-product","3":"status-publish","4":"has-post-thumbnail","6":"product_cat-fundas","7":"product_cat-puffer","8":"product_tag-novedades","10":"first","11":"instock","12":"featured","13":"virtual","14":"product-type-simple"},"_links":{"self":[{"href":"https:\/\/protectionmobile.com.ar\/index.php?rest_route=\/wp\/v2\/product\/27804","targetHints":{"allow":["GET"]}}],"collection":[{"href":"https:\/\/protectionmobile.com.ar\/index.php?rest_route=\/wp\/v2\/product"}],"about":[{"href":"https:\/\/protectionmobile.com.ar\/index.php?rest_route=\/wp\/v2\/types\/product"}],"version-history":[{"count":2,"href":"https:\/\/protectionmobile.com.ar\/index.php?rest_route=\/wp\/v2\/product\/27804\/revisions"}],"predecessor-version":[{"id":28457,"href":"https:\/\/protectionmobile.com.ar\/index.php?rest_route=\/wp\/v2\/product\/27804\/revisions\/28457"}],"wp:featuredmedia":[{"embeddable":true,"href":"https:\/\/protectionmobile.com.ar\/index.php?rest_route=\/wp\/v2\/media\/27953"}],"wp:attachment":[{"href":"https:\/\/protectionmobile.com.ar\/index.php?rest_route=%2Fwp%2Fv2%2Fmedia&parent=27804"}],"wp:term":[{"taxonomy":"product_brand","embeddable":true,"href":"https:\/\/protectionmobile.com.ar\/index.php?rest_route=%2Fwp%2Fv2%2Fproduct_brand&post=27804"},{"taxonomy":"product_cat","embeddable":true,"href":"https:\/\/protectionmobile.com.ar\/index.php?rest_route=%2Fwp%2Fv2%2Fproduct_cat&post=27804"},{"taxonomy":"product_tag","embeddable":true,"href":"https:\/\/protectionmobile.com.ar\/index.php?rest_route=%2Fwp%2Fv2%2Fproduct_tag&post=27804"}],"curies":[{"name":"wp","href":"https:\/\/api.w.org\/{rel}","templated":true}]}}