{"id":27802,"date":"2024-10-14T22:50:29","date_gmt":"2024-10-14T20:50:29","guid":{"rendered":"https:\/\/protectionmobile.com.ar\/?post_type=product&#038;p=27802"},"modified":"2024-10-20T00:56:33","modified_gmt":"2024-10-19T22:56:33","slug":"funda-silicona","status":"publish","type":"product","link":"https:\/\/protectionmobile.com.ar\/?product=funda-silicona","title":{"rendered":"FUNDA SILICONA"},"content":{"rendered":"<p>Esta funda destaca por su mejor calidad de Silicone Case, con un refuerzo de silicona de 2,5 mm. Su interior afelpado protege la parte trasera de tu celular, evitando rayones y perforaciones. Adem\u00e1s, cuenta con un dise\u00f1o antideslizante y es suave al tacto, brindando una sensaci\u00f3n delicada y elegante. ?<\/p>\n","protected":false},"excerpt":{"rendered":"<p>Esta funda destaca por su mejor calidad de Silicone Case, con un refuerzo de silicona de 2,5 mm. Su interior<\/p>\n","protected":false},"featured_media":27957,"template":"","meta":{"_joinchat":[]},"product_brand":[],"product_cat":[74,78],"product_tag":[],"class_list":{"0":"post-27802","1":"product","2":"type-product","3":"status-publish","4":"has-post-thumbnail","6":"product_cat-fundas","7":"product_cat-silicona","9":"first","10":"instock","11":"virtual","12":"product-type-simple"},"_links":{"self":[{"href":"https:\/\/protectionmobile.com.ar\/index.php?rest_route=\/wp\/v2\/product\/27802","targetHints":{"allow":["GET"]}}],"collection":[{"href":"https:\/\/protectionmobile.com.ar\/index.php?rest_route=\/wp\/v2\/product"}],"about":[{"href":"https:\/\/protectionmobile.com.ar\/index.php?rest_route=\/wp\/v2\/types\/product"}],"version-history":[{"count":2,"href":"https:\/\/protectionmobile.com.ar\/index.php?rest_route=\/wp\/v2\/product\/27802\/revisions"}],"predecessor-version":[{"id":28458,"href":"https:\/\/protectionmobile.com.ar\/index.php?rest_route=\/wp\/v2\/product\/27802\/revisions\/28458"}],"wp:featuredmedia":[{"embeddable":true,"href":"https:\/\/protectionmobile.com.ar\/index.php?rest_route=\/wp\/v2\/media\/27957"}],"wp:attachment":[{"href":"https:\/\/protectionmobile.com.ar\/index.php?rest_route=%2Fwp%2Fv2%2Fmedia&parent=27802"}],"wp:term":[{"taxonomy":"product_brand","embeddable":true,"href":"https:\/\/protectionmobile.com.ar\/index.php?rest_route=%2Fwp%2Fv2%2Fproduct_brand&post=27802"},{"taxonomy":"product_cat","embeddable":true,"href":"https:\/\/protectionmobile.com.ar\/index.php?rest_route=%2Fwp%2Fv2%2Fproduct_cat&post=27802"},{"taxonomy":"product_tag","embeddable":true,"href":"https:\/\/protectionmobile.com.ar\/index.php?rest_route=%2Fwp%2Fv2%2Fproduct_tag&post=27802"}],"curies":[{"name":"wp","href":"https:\/\/api.w.org\/{rel}","templated":true}]}}