{"id":27800,"date":"2024-10-14T22:50:10","date_gmt":"2024-10-14T20:50:10","guid":{"rendered":"https:\/\/protectionmobile.com.ar\/?post_type=product&#038;p=27800"},"modified":"2024-10-20T00:57:03","modified_gmt":"2024-10-19T22:57:03","slug":"funda-3d-con-diseno","status":"publish","type":"product","link":"https:\/\/protectionmobile.com.ar\/?product=funda-3d-con-diseno","title":{"rendered":"FUNDA 3D CON DISE\u00d1O"},"content":{"rendered":"<p>Las fundas R\u00edgidas con dise\u00f1o 3d son fabricadas con materiales r\u00edgidos tanto en el exterior como en el interior, los dise\u00f1os son impresos en formato 3d y laqueados, de esta forma le da brillo y lucidez a la funda!<\/p>\n","protected":false},"excerpt":{"rendered":"<p>Las fundas R\u00edgidas con dise\u00f1o 3d son fabricadas con materiales r\u00edgidos tanto en el exterior como en el interior, los<\/p>\n","protected":false},"featured_media":27969,"template":"","meta":{"_joinchat":[]},"product_brand":[],"product_cat":[74,77],"product_tag":[],"class_list":{"0":"post-27800","1":"product","2":"type-product","3":"status-publish","4":"has-post-thumbnail","6":"product_cat-fundas","7":"product_cat-rigida-3d-con-diseno","9":"first","10":"instock","11":"virtual","12":"product-type-simple"},"_links":{"self":[{"href":"https:\/\/protectionmobile.com.ar\/index.php?rest_route=\/wp\/v2\/product\/27800","targetHints":{"allow":["GET"]}}],"collection":[{"href":"https:\/\/protectionmobile.com.ar\/index.php?rest_route=\/wp\/v2\/product"}],"about":[{"href":"https:\/\/protectionmobile.com.ar\/index.php?rest_route=\/wp\/v2\/types\/product"}],"version-history":[{"count":3,"href":"https:\/\/protectionmobile.com.ar\/index.php?rest_route=\/wp\/v2\/product\/27800\/revisions"}],"predecessor-version":[{"id":28460,"href":"https:\/\/protectionmobile.com.ar\/index.php?rest_route=\/wp\/v2\/product\/27800\/revisions\/28460"}],"wp:featuredmedia":[{"embeddable":true,"href":"https:\/\/protectionmobile.com.ar\/index.php?rest_route=\/wp\/v2\/media\/27969"}],"wp:attachment":[{"href":"https:\/\/protectionmobile.com.ar\/index.php?rest_route=%2Fwp%2Fv2%2Fmedia&parent=27800"}],"wp:term":[{"taxonomy":"product_brand","embeddable":true,"href":"https:\/\/protectionmobile.com.ar\/index.php?rest_route=%2Fwp%2Fv2%2Fproduct_brand&post=27800"},{"taxonomy":"product_cat","embeddable":true,"href":"https:\/\/protectionmobile.com.ar\/index.php?rest_route=%2Fwp%2Fv2%2Fproduct_cat&post=27800"},{"taxonomy":"product_tag","embeddable":true,"href":"https:\/\/protectionmobile.com.ar\/index.php?rest_route=%2Fwp%2Fv2%2Fproduct_tag&post=27800"}],"curies":[{"name":"wp","href":"https:\/\/api.w.org\/{rel}","templated":true}]}}