{"id":27795,"date":"2024-10-14T22:49:27","date_gmt":"2024-10-14T20:49:27","guid":{"rendered":"https:\/\/protectionmobile.com.ar\/?post_type=product&#038;p=27795"},"modified":"2024-10-20T00:57:48","modified_gmt":"2024-10-19T22:57:48","slug":"funda-antishock","status":"publish","type":"product","link":"https:\/\/protectionmobile.com.ar\/?product=funda-antishock","title":{"rendered":"FUNDA ANTISHOCK"},"content":{"rendered":"<p>Nuestra\u00a0Funda Antishock Transparente\u00a0es perfecta para quienes buscan un equilibrio entre seguridad y estilo. Con\u00a0bordes reforzados, esta funda absorbe impactos, asegurando que tu dispositivo est\u00e9 siempre protegido.Disfruta de un acceso f\u00e1cil a\u00a0botones, funciones y puertos. Adem\u00e1s, su dise\u00f1o transparente te permite mostrar la belleza natural de tu tel\u00e9fono.<\/p>\n","protected":false},"excerpt":{"rendered":"<p>Nuestra\u00a0Funda Antishock Transparente\u00a0es perfecta para quienes buscan un equilibrio entre seguridad y estilo. Con\u00a0bordes reforzados, esta funda absorbe impactos, asegurando<\/p>\n","protected":false},"featured_media":27954,"template":"","meta":{"_joinchat":[]},"product_brand":[],"product_cat":[75,74],"product_tag":[],"class_list":{"0":"post-27795","1":"product","2":"type-product","3":"status-publish","4":"has-post-thumbnail","6":"product_cat-antishock","7":"product_cat-fundas","9":"first","10":"instock","11":"virtual","12":"product-type-simple"},"_links":{"self":[{"href":"https:\/\/protectionmobile.com.ar\/index.php?rest_route=\/wp\/v2\/product\/27795","targetHints":{"allow":["GET"]}}],"collection":[{"href":"https:\/\/protectionmobile.com.ar\/index.php?rest_route=\/wp\/v2\/product"}],"about":[{"href":"https:\/\/protectionmobile.com.ar\/index.php?rest_route=\/wp\/v2\/types\/product"}],"version-history":[{"count":2,"href":"https:\/\/protectionmobile.com.ar\/index.php?rest_route=\/wp\/v2\/product\/27795\/revisions"}],"predecessor-version":[{"id":28462,"href":"https:\/\/protectionmobile.com.ar\/index.php?rest_route=\/wp\/v2\/product\/27795\/revisions\/28462"}],"wp:featuredmedia":[{"embeddable":true,"href":"https:\/\/protectionmobile.com.ar\/index.php?rest_route=\/wp\/v2\/media\/27954"}],"wp:attachment":[{"href":"https:\/\/protectionmobile.com.ar\/index.php?rest_route=%2Fwp%2Fv2%2Fmedia&parent=27795"}],"wp:term":[{"taxonomy":"product_brand","embeddable":true,"href":"https:\/\/protectionmobile.com.ar\/index.php?rest_route=%2Fwp%2Fv2%2Fproduct_brand&post=27795"},{"taxonomy":"product_cat","embeddable":true,"href":"https:\/\/protectionmobile.com.ar\/index.php?rest_route=%2Fwp%2Fv2%2Fproduct_cat&post=27795"},{"taxonomy":"product_tag","embeddable":true,"href":"https:\/\/protectionmobile.com.ar\/index.php?rest_route=%2Fwp%2Fv2%2Fproduct_tag&post=27795"}],"curies":[{"name":"wp","href":"https:\/\/api.w.org\/{rel}","templated":true}]}}